{"id":1234,"date":"2025-11-17T17:46:16","date_gmt":"2025-11-17T16:46:16","guid":{"rendered":"https:\/\/atlasfitstore.de\/produkt\/big-zone-battle-whey\/"},"modified":"2025-11-17T17:46:16","modified_gmt":"2025-11-17T16:46:16","slug":"big-zone-battle-whey","status":"publish","type":"product","link":"https:\/\/atlasfitstore.de\/en\/product\/big-zone-battle-whey\/","title":{"rendered":"BIG ZONE BATTLE WHEY"},"content":{"rendered":"<p><b style=\"font-weight: bolder\">Big Zone Battle Whey<\/b><\/p>\n<div class=\"offcanvas offcanvas-end show\" role=\"dialog\" style=\"--bs-offcanvas-zindex:1045;--bs-offcanvas-width:400px;--bs-offcanvas-height:30vh;--bs-offcanvas-padding-x:20px;--bs-offcanvas-padding-y:20px;--bs-offcanvas-color:;--bs-offcanvas-bg:#fff;--bs-offcanvas-border-width:0;--bs-offcanvas-border-color:transparent;position:fixed;bottom:0px;z-index:1045;display:flex;flex-direction:column;max-width:100%;top:0px;right:0px;width:calc(100%-20px);font-family:Montserrat,sans-serif;font-size:14px;font-style:normal;font-weight:400;letter-spacing:normal;text-transform:none;text-align:left\">\n<div class=\"offcanvas-body\" style=\"flex-grow:1;padding:20px\">\n<div class=\"product-detail-description tab-pane-container\">\n<div class=\"product-detail-description-text\" style=\"margin-bottom:1.5rem\">\n<div>\n<\/div>\n<div>Wissenschaftliche Studien zeigen, dass intensive k\u00f6rperliche Belastung den Bedarf an Nahrungsprotein erh\u00f6ht. Das liegt daran, dass die Belastung f\u00fcr einen gesteigerten Abbau von Muskelprotein sorgt, welches im Anschluss in der Regenerationsphase wieder aufgebaut werden muss. Daher wird Sportlern dazu geraten, mehr Eiwei\u00df zu sich zu nehmen als Nicht-Sportler. Schlie\u00dflich tr\u00e4gt Protein zum Aufbau und Erhalt von Muskelmasse bei<span> <\/span><span lang=\"de\" style=\"font-size:11pt;line-height:16.8667px;font-family:Arial,sans-serif\"><span><a href=\"https:\/\/efsa.onlinelibrary.wiley.com\/doi\/epdf\/10.2903\/j.efsa.2011.2203\" style=\"text-decoration: none\">[1]<\/a><\/span><\/span><span> <\/span>. Athleten, die dar\u00fcber hinaus Muskulatur aufbauen m\u00f6chten, m\u00fcssen zus\u00e4tzlich noch etwas mehr Protein zu sich nehmen, um das Gleichgewicht ins Positive zu verschieben. Offizielle Empfehlungen sprechen f\u00fcr Bodybuilder und Kraftsportler von einer Proteinzufuhr von 1,6 bis 2,2 Gramm je Kilogramm K\u00f6rpergewicht pro Tag, verteilt auf 3-6 Mahlzeiten pro Tag. Besonders vor und nach dem Training sollte dabei auf eine zeitnahe Zufuhr geachtet werden.<span lang=\"de\"><span><a href=\"https:\/\/jissn.biomedcentral.com\/articles\/10.1186\/s12970-017-0177-8\" style=\"text-decoration: none\">[2]<\/a><\/span><\/span><span> <\/span>In Bezug auf die Proteinqualit\u00e4t geh\u00f6rt Whey Protein aufgrund seine hohen Anteils essenzieller Aminos\u00e4uren und seiner hervorragenden Verdaubarkeit zu den hochwertigsten Formen \u00fcberhaupt. Eine weitere positive Eigenschaft ist, dass es Studien zufolge sehr schnell verdaubar ist und die N\u00e4hrstoffe somit schnell nach der Einnahme zur Verf\u00fcgung stehen. Das macht es zu einer idealen Quelle, um den erh\u00f6hten Bedarf besonders rund um das Training zu decken.<span> <\/span><span lang=\"de\" style=\"font-size:11pt;line-height:16.8667px;font-family:Arial,sans-serif\"><span><a href=\"https:\/\/jissn.biomedcentral.com\/articles\/10.1186\/s12970-017-0177-8\" style=\"text-decoration: none\">[2]<\/a><\/span><span> <\/span><span><a href=\"https:\/\/www.ncbi.nlm.nih.gov\/pmc\/articles\/PMC6245118\/\" style=\"text-decoration: none\">[3] <\/a><\/span><span><span><a href=\"https:\/\/www.ncbi.nlm.nih.gov\/pmc\/articles\/PMC6245118\/\" style=\"text-decoration: none\"> <\/a><\/span><a href=\"https:\/\/www.ncbi.nlm.nih.gov\/pmc\/articles\/PMC6245118\/\" style=\"text-decoration: none\">[4]<\/a><\/span><\/span><span> <\/span>Ein weiterer Vorteil unseres Battle Wheys ist, dass es hervorragend schmeckt und somit nicht nur als Shake, sondern auch als Zutat zahlreicher s\u00fc\u00dfer Mahlzeiten dienen kann. Egal, ob im Porridge, in Kombination mit unseren RiceMeal, als Pancakes oder mit Eiklar, das Battle Whey ist eine hochwertige und leckere Proteinquelle f\u00fcr den t\u00e4glichen Bedarf. Zus\u00e4tzlich dazu haben wir das Battle Whey durch Verdauungsenzyme erg\u00e4nzt, um die Aufspaltung Milchzucker zu unterst\u00fctzen. Das Laktase-Enzym verbessert dabei die Verdauung von Laktose bei Menschen, die Probleme bei der Verdauung des Milchzuckers haben.<span> <\/span><span lang=\"de\" style=\"font-size:11pt;line-height:16.8667px;font-family:Arial,sans-serif\"><span><a href=\"https:\/\/efsa.onlinelibrary.wiley.com\/doi\/epdf\/10.2903\/j.efsa.2011.2203\" style=\"text-decoration: none\">[5]<\/a><\/span><\/span><\/p>\n<\/div>\n<div><b style=\"font-weight: bolder\">Wie ist das Battle Whey einzunehmen?<\/b><\/p>\n<\/div>\n<div>Eine Portion Battle Whey entspricht 30 g, welche in 150 ml kaltem Wasser gel\u00f6st verzehrt werden sollten. Je nach Bedarf k\u00f6nnen mehrere Portionen pro Tag zu sich genommen werden.<\/p>\n<\/div>\n<div>\n<\/div>\n<div><b style=\"font-weight: bolder\">Produkt-Highlights:<\/b><\/p>\n<\/div>\n<div>&#8211; hochwertiges Molkenprotein-Konzentrat<\/p>\n<\/div>\n<div>&#8211; Erg\u00e4nzt durch Verdauungsenzyme, wie Laktase<\/p>\n<\/div>\n<div>&#8211; unfassbar leckerer Geschmack\n<\/div>\n<div> &#8211; cremige Konsistenz<\/p>\n<\/div>\n<div>&#8211; frei von zugesetztem Zucker<\/p>\n<\/div>\n<div>&#8211; inkl. Messl\u00f6ffel<\/div>\n<\/div>\n<\/div>\n<\/div>\n<\/div>\n","protected":false},"excerpt":{"rendered":"<p>Big Zone Battle Whey Wissenschaftliche Studien zeigen, dass intensive k\u00f6rperliche Belastung den Bedarf an Nahrungsprotein erh\u00f6ht. Das liegt daran, dass die Belastung f\u00fcr einen gesteigerten Abbau von Muskelprotein sorgt, welches [&hellip;]<\/p>\n","protected":false},"featured_media":1232,"comment_status":"open","ping_status":"closed","template":"","meta":{"_EventAllDay":false,"_EventTimezone":"","_EventStartDate":"","_EventEndDate":"","_EventStartDateUTC":"","_EventEndDateUTC":"","_EventShowMap":false,"_EventShowMapLink":false,"_EventURL":"","_EventCost":"","_EventCostDescription":"","_EventCurrencySymbol":"","_EventCurrencyCode":"","_EventCurrencyPosition":"","_EventDateTimeSeparator":"","_EventTimeRangeSeparator":"","_EventOrganizerID":[],"_EventVenueID":[],"_OrganizerEmail":"","_OrganizerPhone":"","_OrganizerWebsite":"","_VenueAddress":"","_VenueCity":"","_VenueCountry":"","_VenueProvince":"","_VenueState":"","_VenueZip":"","_VenuePhone":"","_VenueURL":"","_VenueStateProvince":"","_VenueLat":"","_VenueLng":"","_VenueShowMap":false,"_VenueShowMapLink":false},"product_brand":[],"product_cat":[18],"product_tag":[],"class_list":{"0":"post-1234","1":"product","2":"type-product","3":"status-publish","4":"has-post-thumbnail","6":"product_cat-unkategorisiert","8":"first","9":"instock","10":"shipping-taxable","11":"purchasable","12":"product-type-simple"},"aioseo_notices":[],"jetpack_sharing_enabled":true,"_links":{"self":[{"href":"https:\/\/atlasfitstore.de\/en\/wp-json\/wp\/v2\/product\/1234","targetHints":{"allow":["GET"]}}],"collection":[{"href":"https:\/\/atlasfitstore.de\/en\/wp-json\/wp\/v2\/product"}],"about":[{"href":"https:\/\/atlasfitstore.de\/en\/wp-json\/wp\/v2\/types\/product"}],"replies":[{"embeddable":true,"href":"https:\/\/atlasfitstore.de\/en\/wp-json\/wp\/v2\/comments?post=1234"}],"wp:featuredmedia":[{"embeddable":true,"href":"https:\/\/atlasfitstore.de\/en\/wp-json\/wp\/v2\/media\/1232"}],"wp:attachment":[{"href":"https:\/\/atlasfitstore.de\/en\/wp-json\/wp\/v2\/media?parent=1234"}],"wp:term":[{"taxonomy":"product_brand","embeddable":true,"href":"https:\/\/atlasfitstore.de\/en\/wp-json\/wp\/v2\/product_brand?post=1234"},{"taxonomy":"product_cat","embeddable":true,"href":"https:\/\/atlasfitstore.de\/en\/wp-json\/wp\/v2\/product_cat?post=1234"},{"taxonomy":"product_tag","embeddable":true,"href":"https:\/\/atlasfitstore.de\/en\/wp-json\/wp\/v2\/product_tag?post=1234"}],"curies":[{"name":"wp","href":"https:\/\/api.w.org\/{rel}","templated":true}]}}