{"id":1221,"date":"2025-11-16T22:34:19","date_gmt":"2025-11-16T21:34:19","guid":{"rendered":"https:\/\/atlasfitstore.de\/produkt\/o-n-goldstandard\/"},"modified":"2025-11-16T22:34:19","modified_gmt":"2025-11-16T21:34:19","slug":"o-n-goldstandard","status":"publish","type":"product","link":"https:\/\/atlasfitstore.de\/en\/product\/o-n-goldstandard\/","title":{"rendered":"O-N GOLDSTANDARD"},"content":{"rendered":"<p style=\"--tw-border-spacing-x:0;--tw-border-spacing-y:0;--tw-translate-x:0;--tw-translate-y:0;--tw-rotate:0;--tw-skew-x:0;--tw-skew-y:0;--tw-scale-x:1;--tw-scale-y:1;--tw-pan-x:;--tw-pan-y:;--tw-pinch-zoom:;--tw-scroll-snap-strictness:proximity;--tw-gradient-from-position:;--tw-gradient-via-position:;--tw-gradient-to-position:;--tw-ordinal:;--tw-slashed-zero:;--tw-numeric-figure:;--tw-numeric-spacing:;--tw-numeric-fraction:;--tw-ring-inset:;--tw-ring-offset-width:0px;--tw-ring-offset-color:#fff;--tw-ring-offset-shadow:00#0000;--tw-ring-shadow:00#0000;--tw-shadow:00#0000;--tw-shadow-colored:00#0000;--tw-blur:;--tw-brightness:;--tw-contrast:;--tw-grayscale:;--tw-hue-rotate:;--tw-invert:;--tw-saturate:;--tw-sepia:;--tw-drop-shadow:;--tw-backdrop-blur:;--tw-backdrop-brightness:;--tw-backdrop-contrast:;--tw-backdrop-grayscale:;--tw-backdrop-hue-rotate:;--tw-backdrop-invert:;--tw-backdrop-opacity:;--tw-backdrop-saturate:;--tw-backdrop-sepia:;--tw-contain-size:;--tw-contain-layout:;--tw-contain-paint:;--tw-contain-style:;margin:0px0px24px;padding:0px;border:0px;font-style:normal;font-weight:400;line-height:1.2em;font-family:\"><strong style=\"--tw-border-spacing-x: 0;--tw-border-spacing-y: 0;--tw-translate-x: 0;--tw-translate-y: 0;--tw-rotate: 0;--tw-skew-x: 0;--tw-skew-y: 0;--tw-scale-x: 1;--tw-scale-y: 1;--tw-pan-x:;--tw-pan-y:;--tw-pinch-zoom:;--tw-scroll-snap-strictness: proximity;--tw-gradient-from-position:;--tw-gradient-via-position:;--tw-gradient-to-position:;--tw-ordinal:;--tw-slashed-zero:;--tw-numeric-figure:;--tw-numeric-spacing:;--tw-numeric-fraction:;--tw-ring-inset:;--tw-ring-offset-width: 0px;--tw-ring-offset-color: #fff;--tw-ring-offset-shadow: 0 0 #0000;--tw-ring-shadow: 0 0 #0000;--tw-shadow: 0 0 #0000;--tw-shadow-colored: 0 0 #0000;--tw-blur:;--tw-brightness:;--tw-contrast:;--tw-grayscale:;--tw-hue-rotate:;--tw-invert:;--tw-saturate:;--tw-sepia:;--tw-drop-shadow:;--tw-backdrop-blur:;--tw-backdrop-brightness:;--tw-backdrop-contrast:;--tw-backdrop-grayscale:;--tw-backdrop-hue-rotate:;--tw-backdrop-invert:;--tw-backdrop-opacity:;--tw-backdrop-saturate:;--tw-backdrop-sepia:;--tw-contain-size:;--tw-contain-layout:;--tw-contain-paint:;--tw-contain-style:;margin: 0px;padding: 0px;border: 0px;font-style: inherit;font-variant: inherit;font-weight: bold;line-height: inherit;font-family: inherit;font-size: 14.4px;vertical-align: baseline\">Die weltweite Nr. 1* unter den Whey-Proteinpulvern<\/strong><\/p>\n<ul style=\"--tw-border-spacing-x:0;--tw-border-spacing-y:0;--tw-translate-x:0;--tw-translate-y:0;--tw-rotate:0;--tw-skew-x:0;--tw-skew-y:0;--tw-scale-x:1;--tw-scale-y:1;--tw-pan-x:;--tw-pan-y:;--tw-pinch-zoom:;--tw-scroll-snap-strictness:proximity;--tw-gradient-from-position:;--tw-gradient-via-position:;--tw-gradient-to-position:;--tw-ordinal:;--tw-slashed-zero:;--tw-numeric-figure:;--tw-numeric-spacing:;--tw-numeric-fraction:;--tw-ring-inset:;--tw-ring-offset-width:0px;--tw-ring-offset-color:#fff;--tw-ring-offset-shadow:00#0000;--tw-ring-shadow:00#0000;--tw-shadow:00#0000;--tw-shadow-colored:00#0000;--tw-blur:;--tw-brightness:;--tw-contrast:;--tw-grayscale:;--tw-hue-rotate:;--tw-invert:;--tw-saturate:;--tw-sepia:;--tw-drop-shadow:;--tw-backdrop-blur:;--tw-backdrop-brightness:;--tw-backdrop-contrast:;--tw-backdrop-grayscale:;--tw-backdrop-hue-rotate:;--tw-backdrop-invert:;--tw-backdrop-opacity:;--tw-backdrop-saturate:;--tw-backdrop-sepia:;--tw-contain-size:;--tw-contain-layout:;--tw-contain-paint:;--tw-contain-style:;margin:24px0px24px1.25em;padding:0px;border:0px;font-style:normal;font-weight:400;line-height:inherit;font-family:\">\n<li style=\"--tw-border-spacing-x:0;--tw-border-spacing-y:0;--tw-translate-x:0;--tw-translate-y:0;--tw-rotate:0;--tw-skew-x:0;--tw-skew-y:0;--tw-scale-x:1;--tw-scale-y:1;--tw-pan-x:;--tw-pan-y:;--tw-pinch-zoom:;--tw-scroll-snap-strictness:proximity;--tw-gradient-from-position:;--tw-gradient-via-position:;--tw-gradient-to-position:;--tw-ordinal:;--tw-slashed-zero:;--tw-numeric-figure:;--tw-numeric-spacing:;--tw-numeric-fraction:;--tw-ring-inset:;--tw-ring-offset-width:0px;--tw-ring-offset-color:#fff;--tw-ring-offset-shadow:00#0000;--tw-ring-shadow:00#0000;--tw-shadow:00#0000;--tw-shadow-colored:00#0000;--tw-blur:;--tw-brightness:;--tw-contrast:;--tw-grayscale:;--tw-hue-rotate:;--tw-invert:;--tw-saturate:;--tw-sepia:;--tw-drop-shadow:;--tw-backdrop-blur:;--tw-backdrop-brightness:;--tw-backdrop-contrast:;--tw-backdrop-grayscale:;--tw-backdrop-hue-rotate:;--tw-backdrop-invert:;--tw-backdrop-opacity:;--tw-backdrop-saturate:;--tw-backdrop-sepia:;--tw-contain-size:;--tw-contain-layout:;--tw-contain-paint:;--tw-contain-style:;margin:0px;padding:0px;border:0px;font-style:inherit;font-variant:inherit;font-weight:inherit;line-height:1.2em;font-family:inherit;font-size:0.9em;vertical-align:baseline\">24 g Whey Protein, zucker- und fettarm sowie weniger als 120 Kalorien<\/li>\n<li style=\"--tw-border-spacing-x:0;--tw-border-spacing-y:0;--tw-translate-x:0;--tw-translate-y:0;--tw-rotate:0;--tw-skew-x:0;--tw-skew-y:0;--tw-scale-x:1;--tw-scale-y:1;--tw-pan-x:;--tw-pan-y:;--tw-pinch-zoom:;--tw-scroll-snap-strictness:proximity;--tw-gradient-from-position:;--tw-gradient-via-position:;--tw-gradient-to-position:;--tw-ordinal:;--tw-slashed-zero:;--tw-numeric-figure:;--tw-numeric-spacing:;--tw-numeric-fraction:;--tw-ring-inset:;--tw-ring-offset-width:0px;--tw-ring-offset-color:#fff;--tw-ring-offset-shadow:00#0000;--tw-ring-shadow:00#0000;--tw-shadow:00#0000;--tw-shadow-colored:00#0000;--tw-blur:;--tw-brightness:;--tw-contrast:;--tw-grayscale:;--tw-hue-rotate:;--tw-invert:;--tw-saturate:;--tw-sepia:;--tw-drop-shadow:;--tw-backdrop-blur:;--tw-backdrop-brightness:;--tw-backdrop-contrast:;--tw-backdrop-grayscale:;--tw-backdrop-hue-rotate:;--tw-backdrop-invert:;--tw-backdrop-opacity:;--tw-backdrop-saturate:;--tw-backdrop-sepia:;--tw-contain-size:;--tw-contain-layout:;--tw-contain-paint:;--tw-contain-style:;margin:0px;padding:0px;border:0px;font-style:inherit;font-variant:inherit;font-weight:inherit;line-height:1.2em;font-family:inherit;font-size:0.9em;vertical-align:baseline\">5,5 g nat\u00fcrlich vorkommende BCAAs (Leucin, Isoleucin und Valin) in jeder Portion<\/li>\n<li style=\"--tw-border-spacing-x:0;--tw-border-spacing-y:0;--tw-translate-x:0;--tw-translate-y:0;--tw-rotate:0;--tw-skew-x:0;--tw-skew-y:0;--tw-scale-x:1;--tw-scale-y:1;--tw-pan-x:;--tw-pan-y:;--tw-pinch-zoom:;--tw-scroll-snap-strictness:proximity;--tw-gradient-from-position:;--tw-gradient-via-position:;--tw-gradient-to-position:;--tw-ordinal:;--tw-slashed-zero:;--tw-numeric-figure:;--tw-numeric-spacing:;--tw-numeric-fraction:;--tw-ring-inset:;--tw-ring-offset-width:0px;--tw-ring-offset-color:#fff;--tw-ring-offset-shadow:00#0000;--tw-ring-shadow:00#0000;--tw-shadow:00#0000;--tw-shadow-colored:00#0000;--tw-blur:;--tw-brightness:;--tw-contrast:;--tw-grayscale:;--tw-hue-rotate:;--tw-invert:;--tw-saturate:;--tw-sepia:;--tw-drop-shadow:;--tw-backdrop-blur:;--tw-backdrop-brightness:;--tw-backdrop-contrast:;--tw-backdrop-grayscale:;--tw-backdrop-hue-rotate:;--tw-backdrop-invert:;--tw-backdrop-opacity:;--tw-backdrop-saturate:;--tw-backdrop-sepia:;--tw-contain-size:;--tw-contain-layout:;--tw-contain-paint:;--tw-contain-style:;margin:0px;padding:0px;border:0px;font-style:inherit;font-variant:inherit;font-weight:inherit;line-height:1.2em;font-family:inherit;font-size:0.9em;vertical-align:baseline\">\u00dcber 4 g Glutamin &amp; Glutamins\u00e4ure in jeder Portion<\/li>\n<li style=\"--tw-border-spacing-x:0;--tw-border-spacing-y:0;--tw-translate-x:0;--tw-translate-y:0;--tw-rotate:0;--tw-skew-x:0;--tw-skew-y:0;--tw-scale-x:1;--tw-scale-y:1;--tw-pan-x:;--tw-pan-y:;--tw-pinch-zoom:;--tw-scroll-snap-strictness:proximity;--tw-gradient-from-position:;--tw-gradient-via-position:;--tw-gradient-to-position:;--tw-ordinal:;--tw-slashed-zero:;--tw-numeric-figure:;--tw-numeric-spacing:;--tw-numeric-fraction:;--tw-ring-inset:;--tw-ring-offset-width:0px;--tw-ring-offset-color:#fff;--tw-ring-offset-shadow:00#0000;--tw-ring-shadow:00#0000;--tw-shadow:00#0000;--tw-shadow-colored:00#0000;--tw-blur:;--tw-brightness:;--tw-contrast:;--tw-grayscale:;--tw-hue-rotate:;--tw-invert:;--tw-saturate:;--tw-sepia:;--tw-drop-shadow:;--tw-backdrop-blur:;--tw-backdrop-brightness:;--tw-backdrop-contrast:;--tw-backdrop-grayscale:;--tw-backdrop-hue-rotate:;--tw-backdrop-invert:;--tw-backdrop-opacity:;--tw-backdrop-saturate:;--tw-backdrop-sepia:;--tw-contain-size:;--tw-contain-layout:;--tw-contain-paint:;--tw-contain-style:;margin:0px;padding:0px;border:0px;font-style:inherit;font-variant:inherit;font-weight:inherit;line-height:1.2em;font-family:inherit;font-size:0.9em;vertical-align:baseline\">Hauptbestandteil: Whey Protein Isolate (WPI)<\/li>\n<li style=\"--tw-border-spacing-x:0;--tw-border-spacing-y:0;--tw-translate-x:0;--tw-translate-y:0;--tw-rotate:0;--tw-skew-x:0;--tw-skew-y:0;--tw-scale-x:1;--tw-scale-y:1;--tw-pan-x:;--tw-pan-y:;--tw-pinch-zoom:;--tw-scroll-snap-strictness:proximity;--tw-gradient-from-position:;--tw-gradient-via-position:;--tw-gradient-to-position:;--tw-ordinal:;--tw-slashed-zero:;--tw-numeric-figure:;--tw-numeric-spacing:;--tw-numeric-fraction:;--tw-ring-inset:;--tw-ring-offset-width:0px;--tw-ring-offset-color:#fff;--tw-ring-offset-shadow:00#0000;--tw-ring-shadow:00#0000;--tw-shadow:00#0000;--tw-shadow-colored:00#0000;--tw-blur:;--tw-brightness:;--tw-contrast:;--tw-grayscale:;--tw-hue-rotate:;--tw-invert:;--tw-saturate:;--tw-sepia:;--tw-drop-shadow:;--tw-backdrop-blur:;--tw-backdrop-brightness:;--tw-backdrop-contrast:;--tw-backdrop-grayscale:;--tw-backdrop-hue-rotate:;--tw-backdrop-invert:;--tw-backdrop-opacity:;--tw-backdrop-saturate:;--tw-backdrop-sepia:;--tw-contain-size:;--tw-contain-layout:;--tw-contain-paint:;--tw-contain-style:;margin:0px;padding:0px;border:0px;font-style:inherit;font-variant:inherit;font-weight:inherit;line-height:1.2em;font-family:inherit;font-size:0.9em;vertical-align:baseline\">Molkenprotein-Mikrofraktionen aus Molkenprotein-Isolaten &amp; ultrafiltriertem Molkenprotein-Konzentrat<\/li>\n<li style=\"--tw-border-spacing-x:0;--tw-border-spacing-y:0;--tw-translate-x:0;--tw-translate-y:0;--tw-rotate:0;--tw-skew-x:0;--tw-skew-y:0;--tw-scale-x:1;--tw-scale-y:1;--tw-pan-x:;--tw-pan-y:;--tw-pinch-zoom:;--tw-scroll-snap-strictness:proximity;--tw-gradient-from-position:;--tw-gradient-via-position:;--tw-gradient-to-position:;--tw-ordinal:;--tw-slashed-zero:;--tw-numeric-figure:;--tw-numeric-spacing:;--tw-numeric-fraction:;--tw-ring-inset:;--tw-ring-offset-width:0px;--tw-ring-offset-color:#fff;--tw-ring-offset-shadow:00#0000;--tw-ring-shadow:00#0000;--tw-shadow:00#0000;--tw-shadow-colored:00#0000;--tw-blur:;--tw-brightness:;--tw-contrast:;--tw-grayscale:;--tw-hue-rotate:;--tw-invert:;--tw-saturate:;--tw-sepia:;--tw-drop-shadow:;--tw-backdrop-blur:;--tw-backdrop-brightness:;--tw-backdrop-contrast:;--tw-backdrop-grayscale:;--tw-backdrop-hue-rotate:;--tw-backdrop-invert:;--tw-backdrop-opacity:;--tw-backdrop-saturate:;--tw-backdrop-sepia:;--tw-contain-size:;--tw-contain-layout:;--tw-contain-paint:;--tw-contain-style:;margin:0px;padding:0px;border:0px;font-style:inherit;font-variant:inherit;font-weight:inherit;line-height:1.2em;font-family:inherit;font-size:0.9em;vertical-align:baseline\">Effizientes und schnell absorbierendes Eiwei\u00dfpulver<\/li>\n<li style=\"--tw-border-spacing-x:0;--tw-border-spacing-y:0;--tw-translate-x:0;--tw-translate-y:0;--tw-rotate:0;--tw-skew-x:0;--tw-skew-y:0;--tw-scale-x:1;--tw-scale-y:1;--tw-pan-x:;--tw-pan-y:;--tw-pinch-zoom:;--tw-scroll-snap-strictness:proximity;--tw-gradient-from-position:;--tw-gradient-via-position:;--tw-gradient-to-position:;--tw-ordinal:;--tw-slashed-zero:;--tw-numeric-figure:;--tw-numeric-spacing:;--tw-numeric-fraction:;--tw-ring-inset:;--tw-ring-offset-width:0px;--tw-ring-offset-color:#fff;--tw-ring-offset-shadow:00#0000;--tw-ring-shadow:00#0000;--tw-shadow:00#0000;--tw-shadow-colored:00#0000;--tw-blur:;--tw-brightness:;--tw-contrast:;--tw-grayscale:;--tw-hue-rotate:;--tw-invert:;--tw-saturate:;--tw-sepia:;--tw-drop-shadow:;--tw-backdrop-blur:;--tw-backdrop-brightness:;--tw-backdrop-contrast:;--tw-backdrop-grayscale:;--tw-backdrop-hue-rotate:;--tw-backdrop-invert:;--tw-backdrop-opacity:;--tw-backdrop-saturate:;--tw-backdrop-sepia:;--tw-contain-size:;--tw-contain-layout:;--tw-contain-paint:;--tw-contain-style:;margin:0px;padding:0px;border:0px;font-style:inherit;font-variant:inherit;font-weight:inherit;line-height:1.2em;font-family:inherit;font-size:0.9em;vertical-align:baseline\">Zu jeder Tageszeit genie\u00dfen; sei es als Eiwei\u00df-Shake oder als Erg\u00e4nzung zu deinen Lieblingsgerichten und -getr\u00e4nken.<\/li>\n<\/ul>\n<p style=\"--tw-border-spacing-x:0;--tw-border-spacing-y:0;--tw-translate-x:0;--tw-translate-y:0;--tw-rotate:0;--tw-skew-x:0;--tw-skew-y:0;--tw-scale-x:1;--tw-scale-y:1;--tw-pan-x:;--tw-pan-y:;--tw-pinch-zoom:;--tw-scroll-snap-strictness:proximity;--tw-gradient-from-position:;--tw-gradient-via-position:;--tw-gradient-to-position:;--tw-ordinal:;--tw-slashed-zero:;--tw-numeric-figure:;--tw-numeric-spacing:;--tw-numeric-fraction:;--tw-ring-inset:;--tw-ring-offset-width:0px;--tw-ring-offset-color:#fff;--tw-ring-offset-shadow:00#0000;--tw-ring-shadow:00#0000;--tw-shadow:00#0000;--tw-shadow-colored:00#0000;--tw-blur:;--tw-brightness:;--tw-contrast:;--tw-grayscale:;--tw-hue-rotate:;--tw-invert:;--tw-saturate:;--tw-sepia:;--tw-drop-shadow:;--tw-backdrop-blur:;--tw-backdrop-brightness:;--tw-backdrop-contrast:;--tw-backdrop-grayscale:;--tw-backdrop-hue-rotate:;--tw-backdrop-invert:;--tw-backdrop-opacity:;--tw-backdrop-saturate:;--tw-backdrop-sepia:;--tw-contain-size:;--tw-contain-layout:;--tw-contain-paint:;--tw-contain-style:;margin:0px0px24px;padding:0px;border:0px;font-style:normal;font-weight:400;line-height:1.2em;font-family:\">*Quelle: Euromonitor International Limited; Consumer Health 2023 Edition, Kategorie Sportern\u00e4hrung, % Einzelhandelsanteil, Daten von 2022&#8243;<\/p>\n<p style=\"--tw-border-spacing-x:0;--tw-border-spacing-y:0;--tw-translate-x:0;--tw-translate-y:0;--tw-rotate:0;--tw-skew-x:0;--tw-skew-y:0;--tw-scale-x:1;--tw-scale-y:1;--tw-pan-x:;--tw-pan-y:;--tw-pinch-zoom:;--tw-scroll-snap-strictness:proximity;--tw-gradient-from-position:;--tw-gradient-via-position:;--tw-gradient-to-position:;--tw-ordinal:;--tw-slashed-zero:;--tw-numeric-figure:;--tw-numeric-spacing:;--tw-numeric-fraction:;--tw-ring-inset:;--tw-ring-offset-width:0px;--tw-ring-offset-color:#fff;--tw-ring-offset-shadow:00#0000;--tw-ring-shadow:00#0000;--tw-shadow:00#0000;--tw-shadow-colored:00#0000;--tw-blur:;--tw-brightness:;--tw-contrast:;--tw-grayscale:;--tw-hue-rotate:;--tw-invert:;--tw-saturate:;--tw-sepia:;--tw-drop-shadow:;--tw-backdrop-blur:;--tw-backdrop-brightness:;--tw-backdrop-contrast:;--tw-backdrop-grayscale:;--tw-backdrop-hue-rotate:;--tw-backdrop-invert:;--tw-backdrop-opacity:;--tw-backdrop-saturate:;--tw-backdrop-sepia:;--tw-contain-size:;--tw-contain-layout:;--tw-contain-paint:;--tw-contain-style:;margin:0px0px24px;padding:0px;border:0px;font-style:normal;font-weight:400;line-height:1.2em;font-family:\"><strong style=\"--tw-border-spacing-x: 0;--tw-border-spacing-y: 0;--tw-translate-x: 0;--tw-translate-y: 0;--tw-rotate: 0;--tw-skew-x: 0;--tw-skew-y: 0;--tw-scale-x: 1;--tw-scale-y: 1;--tw-pan-x:;--tw-pan-y:;--tw-pinch-zoom:;--tw-scroll-snap-strictness: proximity;--tw-gradient-from-position:;--tw-gradient-via-position:;--tw-gradient-to-position:;--tw-ordinal:;--tw-slashed-zero:;--tw-numeric-figure:;--tw-numeric-spacing:;--tw-numeric-fraction:;--tw-ring-inset:;--tw-ring-offset-width: 0px;--tw-ring-offset-color: #fff;--tw-ring-offset-shadow: 0 0 #0000;--tw-ring-shadow: 0 0 #0000;--tw-shadow: 0 0 #0000;--tw-shadow-colored: 0 0 #0000;--tw-blur:;--tw-brightness:;--tw-contrast:;--tw-grayscale:;--tw-hue-rotate:;--tw-invert:;--tw-saturate:;--tw-sepia:;--tw-drop-shadow:;--tw-backdrop-blur:;--tw-backdrop-brightness:;--tw-backdrop-contrast:;--tw-backdrop-grayscale:;--tw-backdrop-hue-rotate:;--tw-backdrop-invert:;--tw-backdrop-opacity:;--tw-backdrop-saturate:;--tw-backdrop-sepia:;--tw-contain-size:;--tw-contain-layout:;--tw-contain-paint:;--tw-contain-style:;margin: 0px;padding: 0px;border: 0px;font-style: inherit;font-variant: inherit;font-weight: bold;line-height: inherit;font-family: inherit;font-size: 14.4px;vertical-align: baseline\">Hinweis:<\/strong><\/p>\n<p style=\"--tw-border-spacing-x:0;--tw-border-spacing-y:0;--tw-translate-x:0;--tw-translate-y:0;--tw-rotate:0;--tw-skew-x:0;--tw-skew-y:0;--tw-scale-x:1;--tw-scale-y:1;--tw-pan-x:;--tw-pan-y:;--tw-pinch-zoom:;--tw-scroll-snap-strictness:proximity;--tw-gradient-from-position:;--tw-gradient-via-position:;--tw-gradient-to-position:;--tw-ordinal:;--tw-slashed-zero:;--tw-numeric-figure:;--tw-numeric-spacing:;--tw-numeric-fraction:;--tw-ring-inset:;--tw-ring-offset-width:0px;--tw-ring-offset-color:#fff;--tw-ring-offset-shadow:00#0000;--tw-ring-shadow:00#0000;--tw-shadow:00#0000;--tw-shadow-colored:00#0000;--tw-blur:;--tw-brightness:;--tw-contrast:;--tw-grayscale:;--tw-hue-rotate:;--tw-invert:;--tw-saturate:;--tw-sepia:;--tw-drop-shadow:;--tw-backdrop-blur:;--tw-backdrop-brightness:;--tw-backdrop-contrast:;--tw-backdrop-grayscale:;--tw-backdrop-hue-rotate:;--tw-backdrop-invert:;--tw-backdrop-opacity:;--tw-backdrop-saturate:;--tw-backdrop-sepia:;--tw-contain-size:;--tw-contain-layout:;--tw-contain-paint:;--tw-contain-style:;margin:0px0px24px;padding:0px;border:0px;font-style:normal;font-weight:400;line-height:1.2em;font-family:\">Nicht geeignet f\u00fcr Personen mit Vorerkrankungen, bei Einnahme verschreibungspflichtiger Medikamente, f\u00fcr Personen unter 18 Jahren, w\u00e4hrend der Schwangerschaft oder Stillzeit.<\/p>\n<p style=\"--tw-border-spacing-x:0;--tw-border-spacing-y:0;--tw-translate-x:0;--tw-translate-y:0;--tw-rotate:0;--tw-skew-x:0;--tw-skew-y:0;--tw-scale-x:1;--tw-scale-y:1;--tw-pan-x:;--tw-pan-y:;--tw-pinch-zoom:;--tw-scroll-snap-strictness:proximity;--tw-gradient-from-position:;--tw-gradient-via-position:;--tw-gradient-to-position:;--tw-ordinal:;--tw-slashed-zero:;--tw-numeric-figure:;--tw-numeric-spacing:;--tw-numeric-fraction:;--tw-ring-inset:;--tw-ring-offset-width:0px;--tw-ring-offset-color:#fff;--tw-ring-offset-shadow:00#0000;--tw-ring-shadow:00#0000;--tw-shadow:00#0000;--tw-shadow-colored:00#0000;--tw-blur:;--tw-brightness:;--tw-contrast:;--tw-grayscale:;--tw-hue-rotate:;--tw-invert:;--tw-saturate:;--tw-sepia:;--tw-drop-shadow:;--tw-backdrop-blur:;--tw-backdrop-brightness:;--tw-backdrop-contrast:;--tw-backdrop-grayscale:;--tw-backdrop-hue-rotate:;--tw-backdrop-invert:;--tw-backdrop-opacity:;--tw-backdrop-saturate:;--tw-backdrop-sepia:;--tw-contain-size:;--tw-contain-layout:;--tw-contain-paint:;--tw-contain-style:;margin:0px0px24px;padding:0px;border:0px;font-style:normal;font-weight:400;line-height:1.2em;font-family:\"><strong style=\"--tw-border-spacing-x: 0;--tw-border-spacing-y: 0;--tw-translate-x: 0;--tw-translate-y: 0;--tw-rotate: 0;--tw-skew-x: 0;--tw-skew-y: 0;--tw-scale-x: 1;--tw-scale-y: 1;--tw-pan-x:;--tw-pan-y:;--tw-pinch-zoom:;--tw-scroll-snap-strictness: proximity;--tw-gradient-from-position:;--tw-gradient-via-position:;--tw-gradient-to-position:;--tw-ordinal:;--tw-slashed-zero:;--tw-numeric-figure:;--tw-numeric-spacing:;--tw-numeric-fraction:;--tw-ring-inset:;--tw-ring-offset-width: 0px;--tw-ring-offset-color: #fff;--tw-ring-offset-shadow: 0 0 #0000;--tw-ring-shadow: 0 0 #0000;--tw-shadow: 0 0 #0000;--tw-shadow-colored: 0 0 #0000;--tw-blur:;--tw-brightness:;--tw-contrast:;--tw-grayscale:;--tw-hue-rotate:;--tw-invert:;--tw-saturate:;--tw-sepia:;--tw-drop-shadow:;--tw-backdrop-blur:;--tw-backdrop-brightness:;--tw-backdrop-contrast:;--tw-backdrop-grayscale:;--tw-backdrop-hue-rotate:;--tw-backdrop-invert:;--tw-backdrop-opacity:;--tw-backdrop-saturate:;--tw-backdrop-sepia:;--tw-contain-size:;--tw-contain-layout:;--tw-contain-paint:;--tw-contain-style:;margin: 0px;padding: 0px;border: 0px;font-style: inherit;font-variant: inherit;font-weight: bold;line-height: inherit;font-family: inherit;font-size: 14.4px;vertical-align: baseline\">Anwendungsempfehlung:<\/strong><\/p>\n<p style=\"--tw-border-spacing-x:0;--tw-border-spacing-y:0;--tw-translate-x:0;--tw-translate-y:0;--tw-rotate:0;--tw-skew-x:0;--tw-skew-y:0;--tw-scale-x:1;--tw-scale-y:1;--tw-pan-x:;--tw-pan-y:;--tw-pinch-zoom:;--tw-scroll-snap-strictness:proximity;--tw-gradient-from-position:;--tw-gradient-via-position:;--tw-gradient-to-position:;--tw-ordinal:;--tw-slashed-zero:;--tw-numeric-figure:;--tw-numeric-spacing:;--tw-numeric-fraction:;--tw-ring-inset:;--tw-ring-offset-width:0px;--tw-ring-offset-color:#fff;--tw-ring-offset-shadow:00#0000;--tw-ring-shadow:00#0000;--tw-shadow:00#0000;--tw-shadow-colored:00#0000;--tw-blur:;--tw-brightness:;--tw-contrast:;--tw-grayscale:;--tw-hue-rotate:;--tw-invert:;--tw-saturate:;--tw-sepia:;--tw-drop-shadow:;--tw-backdrop-blur:;--tw-backdrop-brightness:;--tw-backdrop-contrast:;--tw-backdrop-grayscale:;--tw-backdrop-hue-rotate:;--tw-backdrop-invert:;--tw-backdrop-opacity:;--tw-backdrop-saturate:;--tw-backdrop-sepia:;--tw-contain-size:;--tw-contain-layout:;--tw-contain-paint:;--tw-contain-style:;margin:0px0px24px;padding:0px;border:0px;font-style:normal;font-weight:400;line-height:1.2em;font-family:\">Um die t\u00e4gliche Dosis an Protein zu decken, wird es gesundenen Erwachsenen empfohlen, im Rahmen einer ausgewogenen Ern\u00e4hrung und eines Trainingsprogramms, eine Kombination aus proteinreichen Lebensmitteln und Proteinerg\u00e4nzungen aufzunehmen.<\/p>","protected":false},"excerpt":{"rendered":"<p>Die weltweite Nr. 1* unter den Whey-Proteinpulvern 24 g Whey Protein, zucker- und fettarm sowie weniger als 120 Kalorien 5,5 g nat\u00fcrlich vorkommende BCAAs (Leucin, Isoleucin und Valin) in jeder [&hellip;]<\/p>\n","protected":false},"featured_media":1217,"comment_status":"open","ping_status":"closed","template":"","meta":{"_EventAllDay":false,"_EventTimezone":"","_EventStartDate":"","_EventEndDate":"","_EventStartDateUTC":"","_EventEndDateUTC":"","_EventShowMap":false,"_EventShowMapLink":false,"_EventURL":"","_EventCost":"","_EventCostDescription":"","_EventCurrencySymbol":"","_EventCurrencyCode":"","_EventCurrencyPosition":"","_EventDateTimeSeparator":"","_EventTimeRangeSeparator":"","_EventOrganizerID":[],"_EventVenueID":[],"_OrganizerEmail":"","_OrganizerPhone":"","_OrganizerWebsite":"","_VenueAddress":"","_VenueCity":"","_VenueCountry":"","_VenueProvince":"","_VenueState":"","_VenueZip":"","_VenuePhone":"","_VenueURL":"","_VenueStateProvince":"","_VenueLat":"","_VenueLng":"","_VenueShowMap":false,"_VenueShowMapLink":false},"product_brand":[],"product_cat":[18],"product_tag":[],"class_list":{"0":"post-1221","1":"product","2":"type-product","3":"status-publish","4":"has-post-thumbnail","6":"product_cat-unkategorisiert","8":"first","9":"instock","10":"shipping-taxable","11":"purchasable","12":"product-type-simple"},"aioseo_notices":[],"jetpack_sharing_enabled":true,"_links":{"self":[{"href":"https:\/\/atlasfitstore.de\/en\/wp-json\/wp\/v2\/product\/1221","targetHints":{"allow":["GET"]}}],"collection":[{"href":"https:\/\/atlasfitstore.de\/en\/wp-json\/wp\/v2\/product"}],"about":[{"href":"https:\/\/atlasfitstore.de\/en\/wp-json\/wp\/v2\/types\/product"}],"replies":[{"embeddable":true,"href":"https:\/\/atlasfitstore.de\/en\/wp-json\/wp\/v2\/comments?post=1221"}],"wp:featuredmedia":[{"embeddable":true,"href":"https:\/\/atlasfitstore.de\/en\/wp-json\/wp\/v2\/media\/1217"}],"wp:attachment":[{"href":"https:\/\/atlasfitstore.de\/en\/wp-json\/wp\/v2\/media?parent=1221"}],"wp:term":[{"taxonomy":"product_brand","embeddable":true,"href":"https:\/\/atlasfitstore.de\/en\/wp-json\/wp\/v2\/product_brand?post=1221"},{"taxonomy":"product_cat","embeddable":true,"href":"https:\/\/atlasfitstore.de\/en\/wp-json\/wp\/v2\/product_cat?post=1221"},{"taxonomy":"product_tag","embeddable":true,"href":"https:\/\/atlasfitstore.de\/en\/wp-json\/wp\/v2\/product_tag?post=1221"}],"curies":[{"name":"wp","href":"https:\/\/api.w.org\/{rel}","templated":true}]}}