{"id":1191,"date":"2025-11-13T18:32:08","date_gmt":"2025-11-13T17:32:08","guid":{"rendered":"https:\/\/atlasfitstore.de\/produkt\/atlas-fit-store-nutrition-more-fitnessstore-gym-wheyprotein\/"},"modified":"2025-11-13T18:32:08","modified_gmt":"2025-11-13T17:32:08","slug":"atlas-fit-store-nutrition-more-fitnessstore-gym-wheyprotein","status":"publish","type":"product","link":"https:\/\/atlasfitstore.de\/en\/product\/atlas-fit-store-nutrition-more-fitnessstore-gym-wheyprotein\/","title":{"rendered":"atlas fit store nutrition more fitnessstore gym wheyprotein"},"content":{"rendered":"<p>atlas fit store nutrition more fitnessstore gym wheyprotein offers premium protein to support muscle regeneration and verbessert fitness ergebnisse. formulated with hochwertig whey protein isolates and concentrates, it bietet essential aminos\u00e4uren to accelerate regeneration and promote magermuskel wachstum. ideal f\u00fcr fitnessstudio enthusiasts and fitnessstore customers seeking effective wheyprotein nahrungserg\u00e4nzungsmittels, it mixes easily and can be consumed nach dem training or anytime you need a protein steigere. elevate your fitness journey with this reliable, nutrient-rich formel.<\/p>","protected":false},"excerpt":{"rendered":"<p>boost deine workouts with atlas fit store nutrition more fitnessstore gym wheyprotein, designed for optimal muscle regeneration and wachstum.<\/p>","protected":false},"featured_media":0,"comment_status":"open","ping_status":"closed","template":"","meta":{"_EventAllDay":false,"_EventTimezone":"","_EventStartDate":"","_EventEndDate":"","_EventStartDateUTC":"","_EventEndDateUTC":"","_EventShowMap":false,"_EventShowMapLink":false,"_EventURL":"","_EventCost":"","_EventCostDescription":"","_EventCurrencySymbol":"","_EventCurrencyCode":"","_EventCurrencyPosition":"","_EventDateTimeSeparator":"","_EventTimeRangeSeparator":"","_EventOrganizerID":[],"_EventVenueID":[],"_OrganizerEmail":"","_OrganizerPhone":"","_OrganizerWebsite":"","_VenueAddress":"","_VenueCity":"","_VenueCountry":"","_VenueProvince":"","_VenueState":"","_VenueZip":"","_VenuePhone":"","_VenueURL":"","_VenueStateProvince":"","_VenueLat":"","_VenueLng":"","_VenueShowMap":false,"_VenueShowMapLink":false},"product_brand":[],"product_cat":[39],"product_tag":[162,56,84],"class_list":{"0":"post-1191","1":"product","2":"type-product","3":"status-publish","5":"product_cat-molkenprotein","6":"product_tag-fitnessstore","7":"product_tag-gym","8":"product_tag-wheyprotein","10":"first","11":"instock","12":"shipping-taxable","13":"purchasable","14":"product-type-simple"},"aioseo_notices":[],"jetpack_sharing_enabled":true,"_links":{"self":[{"href":"https:\/\/atlasfitstore.de\/en\/wp-json\/wp\/v2\/product\/1191","targetHints":{"allow":["GET"]}}],"collection":[{"href":"https:\/\/atlasfitstore.de\/en\/wp-json\/wp\/v2\/product"}],"about":[{"href":"https:\/\/atlasfitstore.de\/en\/wp-json\/wp\/v2\/types\/product"}],"replies":[{"embeddable":true,"href":"https:\/\/atlasfitstore.de\/en\/wp-json\/wp\/v2\/comments?post=1191"}],"wp:attachment":[{"href":"https:\/\/atlasfitstore.de\/en\/wp-json\/wp\/v2\/media?parent=1191"}],"wp:term":[{"taxonomy":"product_brand","embeddable":true,"href":"https:\/\/atlasfitstore.de\/en\/wp-json\/wp\/v2\/product_brand?post=1191"},{"taxonomy":"product_cat","embeddable":true,"href":"https:\/\/atlasfitstore.de\/en\/wp-json\/wp\/v2\/product_cat?post=1191"},{"taxonomy":"product_tag","embeddable":true,"href":"https:\/\/atlasfitstore.de\/en\/wp-json\/wp\/v2\/product_tag?post=1191"}],"curies":[{"name":"wp","href":"https:\/\/api.w.org\/{rel}","templated":true}]}}