{"id":1188,"date":"2025-11-13T18:32:07","date_gmt":"2025-11-13T17:32:07","guid":{"rendered":"https:\/\/atlasfitstore.de\/produkt\/vitamin-d3-k2-90-kapseln-znt-nutrition-vitamin-d3-kann-f\/"},"modified":"2025-11-13T18:32:07","modified_gmt":"2025-11-13T17:32:07","slug":"vitamin-d3-k2-90-kapseln-znt-nutrition-vitamin-d3-kann-f","status":"publish","type":"product","link":"https:\/\/atlasfitstore.de\/en\/product\/vitamin-d3-k2-90-kapseln-znt-nutrition-vitamin-d3-kann-f\/","title":{"rendered":"vitamin d3 k2 &#8211; 90 kapseln &#8211; znt nutrition vitamin d3 kann f"},"content":{"rendered":"<p>das vitamin d3 k2 supplement von znt nutrition bietet eine optimale kombination zur f\u00f6rderung der knochengesundheit und des immunsystems. mit 90 kapseln unterst\u00fctzt es gezielt sportler und gym-besucher bei der regeneration und leistungsf\u00e4higkeit. vitamin d3 tr\u00e4gt zur aufnahme von kalzium bei, w\u00e4hrend vitamin k2 die richtige verteilung des kalziums im k\u00f6rper unterst\u00fctzt. dieses multivitamin-produkt ist ideal f\u00fcr alle, die ihre fitness und gesundheit langfristig verbessern m\u00f6chten. die einfache einnahme macht es zu einem praktischen begleiter im alltag und training.<\/p>","protected":false},"excerpt":{"rendered":"<p>vitamin d3 k2 &#8211; 90 kapseln unterst\u00fctzt die knochengesundheit und das immunsystem, ideal f\u00fcr sportler und fitnessbegeisterte.<\/p>","protected":false},"featured_media":0,"comment_status":"open","ping_status":"closed","template":"","meta":{"_EventAllDay":false,"_EventTimezone":"","_EventStartDate":"","_EventEndDate":"","_EventStartDateUTC":"","_EventEndDateUTC":"","_EventShowMap":false,"_EventShowMapLink":false,"_EventURL":"","_EventCost":"","_EventCostDescription":"","_EventCurrencySymbol":"","_EventCurrencyCode":"","_EventCurrencyPosition":"","_EventDateTimeSeparator":"","_EventTimeRangeSeparator":"","_EventOrganizerID":[],"_EventVenueID":[],"_OrganizerEmail":"","_OrganizerPhone":"","_OrganizerWebsite":"","_VenueAddress":"","_VenueCity":"","_VenueCountry":"","_VenueProvince":"","_VenueState":"","_VenueZip":"","_VenuePhone":"","_VenueURL":"","_VenueStateProvince":"","_VenueLat":"","_VenueLng":"","_VenueShowMap":false,"_VenueShowMapLink":false},"product_brand":[],"product_cat":[47],"product_tag":[56,157,158],"class_list":{"0":"post-1188","1":"product","2":"type-product","3":"status-publish","5":"product_cat-vitamine-mineralien","6":"product_tag-gym","7":"product_tag-multivitamin","8":"product_tag-sport","10":"first","11":"instock","12":"shipping-taxable","13":"purchasable","14":"product-type-simple"},"aioseo_notices":[],"jetpack_sharing_enabled":true,"_links":{"self":[{"href":"https:\/\/atlasfitstore.de\/en\/wp-json\/wp\/v2\/product\/1188","targetHints":{"allow":["GET"]}}],"collection":[{"href":"https:\/\/atlasfitstore.de\/en\/wp-json\/wp\/v2\/product"}],"about":[{"href":"https:\/\/atlasfitstore.de\/en\/wp-json\/wp\/v2\/types\/product"}],"replies":[{"embeddable":true,"href":"https:\/\/atlasfitstore.de\/en\/wp-json\/wp\/v2\/comments?post=1188"}],"wp:attachment":[{"href":"https:\/\/atlasfitstore.de\/en\/wp-json\/wp\/v2\/media?parent=1188"}],"wp:term":[{"taxonomy":"product_brand","embeddable":true,"href":"https:\/\/atlasfitstore.de\/en\/wp-json\/wp\/v2\/product_brand?post=1188"},{"taxonomy":"product_cat","embeddable":true,"href":"https:\/\/atlasfitstore.de\/en\/wp-json\/wp\/v2\/product_cat?post=1188"},{"taxonomy":"product_tag","embeddable":true,"href":"https:\/\/atlasfitstore.de\/en\/wp-json\/wp\/v2\/product_tag?post=1188"}],"curies":[{"name":"wp","href":"https:\/\/api.w.org\/{rel}","templated":true}]}}