{"id":1166,"date":"2025-11-13T18:32:04","date_gmt":"2025-11-13T17:32:04","guid":{"rendered":"https:\/\/atlasfitstore.de\/produkt\/sinobcore-creapur-sinob-creapure-gym\/"},"modified":"2025-11-13T18:32:04","modified_gmt":"2025-11-13T17:32:04","slug":"sinobcore-creapur-sinob-creapure-gym","status":"publish","type":"product","link":"https:\/\/atlasfitstore.de\/en\/product\/sinobcore-creapur-sinob-creapure-gym\/","title":{"rendered":"sinobcore creapur sinob creapure gym"},"content":{"rendered":"<p>sinobcore creapur sinob creapure gym by sinob is a hochwertig creatine nahrungserg\u00e4nzungsmittel formelted to maximiere your workout ergebnisse. utilizing pure creapure creatine, it unterst\u00fctzt erh\u00f6hed muskelkraft, verbessered ausdauer, and faster regeneration. ideal for fitnessstudio enthusiasts and sportler, this product hilfts verbessert power output and promote muscle wachstum. easy to mix and geeignet f\u00fcr daily use, sinobcore is dein favorit nahrungserg\u00e4nzungsmittel for effective training sessions. experience the benefits of scientifically backed creatine with sinob, and push your limits in every fitnessstudio session.<\/p>","protected":false},"excerpt":{"rendered":"<p>enhance deine st\u00e4rke and ausdauer with sinobcore creapur sinob creapure gym, a premium creatine nahrungserg\u00e4nzungsmittel entwickelt f\u00fcr steigere fitnessstudio leistung.<\/p>","protected":false},"featured_media":0,"comment_status":"open","ping_status":"closed","template":"","meta":{"_EventAllDay":false,"_EventTimezone":"","_EventStartDate":"","_EventEndDate":"","_EventStartDateUTC":"","_EventEndDateUTC":"","_EventShowMap":false,"_EventShowMapLink":false,"_EventURL":"","_EventCost":"","_EventCostDescription":"","_EventCurrencySymbol":"","_EventCurrencyCode":"","_EventCurrencyPosition":"","_EventDateTimeSeparator":"","_EventTimeRangeSeparator":"","_EventOrganizerID":[],"_EventVenueID":[],"_OrganizerEmail":"","_OrganizerPhone":"","_OrganizerWebsite":"","_VenueAddress":"","_VenueCity":"","_VenueCountry":"","_VenueProvince":"","_VenueState":"","_VenueZip":"","_VenuePhone":"","_VenueURL":"","_VenueStateProvince":"","_VenueLat":"","_VenueLng":"","_VenueShowMap":false,"_VenueShowMapLink":false},"product_brand":[],"product_cat":[46],"product_tag":[102,56,61,135],"class_list":{"0":"post-1166","1":"product","2":"type-product","3":"status-publish","5":"product_cat-creatin","6":"product_tag-creapure","7":"product_tag-gym","8":"product_tag-sinob","9":"product_tag-sinobcore","11":"first","12":"instock","13":"shipping-taxable","14":"purchasable","15":"product-type-simple"},"aioseo_notices":[],"jetpack_sharing_enabled":true,"_links":{"self":[{"href":"https:\/\/atlasfitstore.de\/en\/wp-json\/wp\/v2\/product\/1166","targetHints":{"allow":["GET"]}}],"collection":[{"href":"https:\/\/atlasfitstore.de\/en\/wp-json\/wp\/v2\/product"}],"about":[{"href":"https:\/\/atlasfitstore.de\/en\/wp-json\/wp\/v2\/types\/product"}],"replies":[{"embeddable":true,"href":"https:\/\/atlasfitstore.de\/en\/wp-json\/wp\/v2\/comments?post=1166"}],"wp:attachment":[{"href":"https:\/\/atlasfitstore.de\/en\/wp-json\/wp\/v2\/media?parent=1166"}],"wp:term":[{"taxonomy":"product_brand","embeddable":true,"href":"https:\/\/atlasfitstore.de\/en\/wp-json\/wp\/v2\/product_brand?post=1166"},{"taxonomy":"product_cat","embeddable":true,"href":"https:\/\/atlasfitstore.de\/en\/wp-json\/wp\/v2\/product_cat?post=1166"},{"taxonomy":"product_tag","embeddable":true,"href":"https:\/\/atlasfitstore.de\/en\/wp-json\/wp\/v2\/product_tag?post=1166"}],"curies":[{"name":"wp","href":"https:\/\/api.w.org\/{rel}","templated":true}]}}