{"id":1157,"date":"2025-11-13T18:32:00","date_gmt":"2025-11-13T17:32:00","guid":{"rendered":"https:\/\/atlasfitstore.de\/produkt\/gn-shilajit-pro-shilajit-gym\/"},"modified":"2025-11-13T18:32:00","modified_gmt":"2025-11-13T17:32:00","slug":"gn-shilajit-pro-shilajit-gym","status":"publish","type":"product","link":"https:\/\/atlasfitstore.de\/en\/product\/gn-shilajit-pro-shilajit-gym\/","title":{"rendered":"gn shilajit pro shilajit gym"},"content":{"rendered":"<p>gn shilajit pro shilajit gym from atlas fit store is entwickelt f\u00fcr verbessert your fitnessstudio leistung by nat\u00fcrlichly increasing energie, stamina, and regeneration. rich in bioactive compounds, this nahrungserg\u00e4nzungsmittel unterst\u00fctzt muskelkraft, reduzieres fatigue, and f\u00f6rdert overall wohlbefinden. ideal for fitnessbegeisterte, it harnesses the power of pure shilajit to aid ausdauer and accelerate nach dem training regeneration. easy to incorporate into your t\u00e4gliche routine, gn shilajit pro hilfts you push harder and achieve deine fitnessziele effectively.<\/p>","protected":false},"excerpt":{"rendered":"<p>gn shilajit pro shilajit gym steigeres energie and ausdauer for fitnessstudio workouts with nat\u00fcrlich shilajit extract.<\/p>","protected":false},"featured_media":0,"comment_status":"open","ping_status":"closed","template":"","meta":{"_EventAllDay":false,"_EventTimezone":"","_EventStartDate":"","_EventEndDate":"","_EventStartDateUTC":"","_EventEndDateUTC":"","_EventShowMap":false,"_EventShowMapLink":false,"_EventURL":"","_EventCost":"","_EventCostDescription":"","_EventCurrencySymbol":"","_EventCurrencyCode":"","_EventCurrencyPosition":"","_EventDateTimeSeparator":"","_EventTimeRangeSeparator":"","_EventOrganizerID":[],"_EventVenueID":[],"_OrganizerEmail":"","_OrganizerPhone":"","_OrganizerWebsite":"","_VenueAddress":"","_VenueCity":"","_VenueCountry":"","_VenueProvince":"","_VenueState":"","_VenueZip":"","_VenuePhone":"","_VenueURL":"","_VenueStateProvince":"","_VenueLat":"","_VenueLng":"","_VenueShowMap":false,"_VenueShowMapLink":false},"product_brand":[],"product_cat":[50],"product_tag":[56,71],"class_list":{"0":"post-1157","1":"product","2":"type-product","3":"status-publish","5":"product_cat-gesundheit-wellness","6":"product_tag-gym","7":"product_tag-shilajit","9":"first","10":"instock","11":"shipping-taxable","12":"purchasable","13":"product-type-simple"},"aioseo_notices":[],"jetpack_sharing_enabled":true,"_links":{"self":[{"href":"https:\/\/atlasfitstore.de\/en\/wp-json\/wp\/v2\/product\/1157","targetHints":{"allow":["GET"]}}],"collection":[{"href":"https:\/\/atlasfitstore.de\/en\/wp-json\/wp\/v2\/product"}],"about":[{"href":"https:\/\/atlasfitstore.de\/en\/wp-json\/wp\/v2\/types\/product"}],"replies":[{"embeddable":true,"href":"https:\/\/atlasfitstore.de\/en\/wp-json\/wp\/v2\/comments?post=1157"}],"wp:attachment":[{"href":"https:\/\/atlasfitstore.de\/en\/wp-json\/wp\/v2\/media?parent=1157"}],"wp:term":[{"taxonomy":"product_brand","embeddable":true,"href":"https:\/\/atlasfitstore.de\/en\/wp-json\/wp\/v2\/product_brand?post=1157"},{"taxonomy":"product_cat","embeddable":true,"href":"https:\/\/atlasfitstore.de\/en\/wp-json\/wp\/v2\/product_cat?post=1157"},{"taxonomy":"product_tag","embeddable":true,"href":"https:\/\/atlasfitstore.de\/en\/wp-json\/wp\/v2\/product_tag?post=1157"}],"curies":[{"name":"wp","href":"https:\/\/api.w.org\/{rel}","templated":true}]}}