{"id":1135,"date":"2025-11-13T18:31:57","date_gmt":"2025-11-13T17:31:57","guid":{"rendered":"https:\/\/atlasfitstore.de\/produkt\/bsn-amino-x-bsn-gym\/"},"modified":"2025-11-13T18:31:57","modified_gmt":"2025-11-13T17:31:57","slug":"bsn-amino-x-bsn-gym","status":"publish","type":"product","link":"https:\/\/atlasfitstore.de\/en\/product\/bsn-amino-x-bsn-gym\/","title":{"rendered":"bsn amino x bsn gym"},"content":{"rendered":"<p>bsn amino x bsn gym is a premium aminos\u00e4uren nahrungserg\u00e4nzungsmittel entwickelt f\u00fcr verbessert muscle regeneration and steigere workout leistung. packed with essential aminos\u00e4uren, including bcaas, this product unterst\u00fctzt muscle protein synthesis, reduzieres fatigue, and hilfts maintain ausdauer during intense fitnessstudio sessions. hergestellt in den usa, it ensures hochwertig zutaten and effective ergebnisse for sportler and fitnessbegeisterte. ideal for nach dem training regeneration or intra-workout hydration, bsn amino x liefert the amino acid support your muscles need to regeneration and grow stronger.<\/p>","protected":false},"excerpt":{"rendered":"<p>bsn amino x bsn gym unterst\u00fctzt muscle regeneration and ausdauer with a powerful amino acid mischung from the usa fitness quelle.<\/p>","protected":false},"featured_media":0,"comment_status":"open","ping_status":"closed","template":"","meta":{"_EventAllDay":false,"_EventTimezone":"","_EventStartDate":"","_EventEndDate":"","_EventStartDateUTC":"","_EventEndDateUTC":"","_EventShowMap":false,"_EventShowMapLink":false,"_EventURL":"","_EventCost":"","_EventCostDescription":"","_EventCurrencySymbol":"","_EventCurrencyCode":"","_EventCurrencyPosition":"","_EventDateTimeSeparator":"","_EventTimeRangeSeparator":"","_EventOrganizerID":[],"_EventVenueID":[],"_OrganizerEmail":"","_OrganizerPhone":"","_OrganizerWebsite":"","_VenueAddress":"","_VenueCity":"","_VenueCountry":"","_VenueProvince":"","_VenueState":"","_VenueZip":"","_VenuePhone":"","_VenueURL":"","_VenueStateProvince":"","_VenueLat":"","_VenueLng":"","_VenueShowMap":false,"_VenueShowMapLink":false},"product_brand":[],"product_cat":[40],"product_tag":[98,56,55],"class_list":{"0":"post-1135","1":"product","2":"type-product","3":"status-publish","5":"product_cat-aminosaeuren","6":"product_tag-bsn","7":"product_tag-gym","8":"product_tag-usa","10":"first","11":"instock","12":"shipping-taxable","13":"purchasable","14":"product-type-simple"},"aioseo_notices":[],"jetpack_sharing_enabled":true,"_links":{"self":[{"href":"https:\/\/atlasfitstore.de\/en\/wp-json\/wp\/v2\/product\/1135","targetHints":{"allow":["GET"]}}],"collection":[{"href":"https:\/\/atlasfitstore.de\/en\/wp-json\/wp\/v2\/product"}],"about":[{"href":"https:\/\/atlasfitstore.de\/en\/wp-json\/wp\/v2\/types\/product"}],"replies":[{"embeddable":true,"href":"https:\/\/atlasfitstore.de\/en\/wp-json\/wp\/v2\/comments?post=1135"}],"wp:attachment":[{"href":"https:\/\/atlasfitstore.de\/en\/wp-json\/wp\/v2\/media?parent=1135"}],"wp:term":[{"taxonomy":"product_brand","embeddable":true,"href":"https:\/\/atlasfitstore.de\/en\/wp-json\/wp\/v2\/product_brand?post=1135"},{"taxonomy":"product_cat","embeddable":true,"href":"https:\/\/atlasfitstore.de\/en\/wp-json\/wp\/v2\/product_cat?post=1135"},{"taxonomy":"product_tag","embeddable":true,"href":"https:\/\/atlasfitstore.de\/en\/wp-json\/wp\/v2\/product_tag?post=1135"}],"curies":[{"name":"wp","href":"https:\/\/api.w.org\/{rel}","templated":true}]}}