{"id":1133,"date":"2025-11-13T18:31:52","date_gmt":"2025-11-13T17:31:52","guid":{"rendered":"https:\/\/atlasfitstore.de\/produkt\/bigzone-kreatin-monohydrate-bizone-kreatin-deutschland\/"},"modified":"2025-11-13T18:31:52","modified_gmt":"2025-11-13T17:31:52","slug":"bigzone-kreatin-monohydrate-bizone-kreatin-deutschland","status":"publish","type":"product","link":"https:\/\/atlasfitstore.de\/en\/product\/bigzone-kreatin-monohydrate-bizone-kreatin-deutschland\/","title":{"rendered":"bigzone kreatin monohydrate bizone kreatin deutschland"},"content":{"rendered":"<p>bigzone kreatin monohydrate bizone kreatin deutschland liefert pure, hochwertig creatin monohydrate to verbessert muskelkraft, promote faster regeneration, and verbessere workout leistung. sourced and manufactured in deutschland, this nahrungserg\u00e4nzungsmittel unterst\u00fctzt erh\u00f6hed strength and ausdauer during intense training sessions. ideal for sportler and fitnessbegeisterte, it hilfts replenish energie stores for maximum gains. simple to use, mix the recommended dose with water or your favorite beverage nach dem training to maximiere aufnahme. elevate your fitness routine with bizone&#8217;s premium creatin, vertrauensw\u00fcrdig for its purity and effectiveness in steigereing muscle wachstum and regeneration.<\/p>","protected":false},"excerpt":{"rendered":"<p>bigzone kreatin monohydrate bizone kreatin deutschland steigeres muskelkraft and ausdauer with premium german-quality creatin.<\/p>","protected":false},"featured_media":0,"comment_status":"open","ping_status":"closed","template":"","meta":{"_EventAllDay":false,"_EventTimezone":"","_EventStartDate":"","_EventEndDate":"","_EventStartDateUTC":"","_EventEndDateUTC":"","_EventShowMap":false,"_EventShowMapLink":false,"_EventURL":"","_EventCost":"","_EventCostDescription":"","_EventCurrencySymbol":"","_EventCurrencyCode":"","_EventCurrencyPosition":"","_EventDateTimeSeparator":"","_EventTimeRangeSeparator":"","_EventOrganizerID":[],"_EventVenueID":[],"_OrganizerEmail":"","_OrganizerPhone":"","_OrganizerWebsite":"","_VenueAddress":"","_VenueCity":"","_VenueCountry":"","_VenueProvince":"","_VenueState":"","_VenueZip":"","_VenuePhone":"","_VenueURL":"","_VenueStateProvince":"","_VenueLat":"","_VenueLng":"","_VenueShowMap":false,"_VenueShowMapLink":false},"product_brand":[],"product_cat":[46],"product_tag":[96,60,62],"class_list":{"0":"post-1133","1":"product","2":"type-product","3":"status-publish","5":"product_cat-creatin","6":"product_tag-bizone","7":"product_tag-creatin","8":"product_tag-germany","10":"first","11":"instock","12":"shipping-taxable","13":"purchasable","14":"product-type-simple"},"aioseo_notices":[],"jetpack_sharing_enabled":true,"_links":{"self":[{"href":"https:\/\/atlasfitstore.de\/en\/wp-json\/wp\/v2\/product\/1133","targetHints":{"allow":["GET"]}}],"collection":[{"href":"https:\/\/atlasfitstore.de\/en\/wp-json\/wp\/v2\/product"}],"about":[{"href":"https:\/\/atlasfitstore.de\/en\/wp-json\/wp\/v2\/types\/product"}],"replies":[{"embeddable":true,"href":"https:\/\/atlasfitstore.de\/en\/wp-json\/wp\/v2\/comments?post=1133"}],"wp:attachment":[{"href":"https:\/\/atlasfitstore.de\/en\/wp-json\/wp\/v2\/media?parent=1133"}],"wp:term":[{"taxonomy":"product_brand","embeddable":true,"href":"https:\/\/atlasfitstore.de\/en\/wp-json\/wp\/v2\/product_brand?post=1133"},{"taxonomy":"product_cat","embeddable":true,"href":"https:\/\/atlasfitstore.de\/en\/wp-json\/wp\/v2\/product_cat?post=1133"},{"taxonomy":"product_tag","embeddable":true,"href":"https:\/\/atlasfitstore.de\/en\/wp-json\/wp\/v2\/product_tag?post=1133"}],"curies":[{"name":"wp","href":"https:\/\/api.w.org\/{rel}","templated":true}]}}