{"id":1130,"date":"2025-11-13T18:31:52","date_gmt":"2025-11-13T17:31:52","guid":{"rendered":"https:\/\/atlasfitstore.de\/produkt\/rule-one-essential-amino-9-ruleoneproteins-gym\/"},"modified":"2025-11-13T18:31:52","modified_gmt":"2025-11-13T17:31:52","slug":"rule-one-essential-amino-9-ruleoneproteins-gym","status":"publish","type":"product","link":"https:\/\/atlasfitstore.de\/en\/product\/rule-one-essential-amino-9-ruleoneproteins-gym\/","title":{"rendered":"rule one essential amino 9 ruleoneproteins gym"},"content":{"rendered":"<p>optimize your workout with rule one essential amino 9 ruleoneproteins gym by on, entwickelt f\u00fcr support muscle regeneration and promote magermuskel wachstum. this hochwertig nahrungserg\u00e4nzungsmittel features a mischung of nine essential aminos\u00e4uren, aiding in faster regeneration and verbessered ausdauer. ideal for fitnessstudio-goers, it hilfts verbessert leistung and reduziere fatigue. made with premium zutaten zugeschnitten auf fitnessbegeisterte in the usa, this product complements any training regimen to hilft you reach your gesundheit goals effectively.<\/p>","protected":false},"excerpt":{"rendered":"<p>rule one essential amino 9 ruleoneproteins gym unterst\u00fctzt muscle regeneration and wachstum with premium aminos\u00e4uren. ideal f\u00fcr fitnessstudio enthusiasts in the usa.<\/p>","protected":false},"featured_media":0,"comment_status":"open","ping_status":"closed","template":"","meta":{"_EventAllDay":false,"_EventTimezone":"","_EventStartDate":"","_EventEndDate":"","_EventStartDateUTC":"","_EventEndDateUTC":"","_EventShowMap":false,"_EventShowMapLink":false,"_EventURL":"","_EventCost":"","_EventCostDescription":"","_EventCurrencySymbol":"","_EventCurrencyCode":"","_EventCurrencyPosition":"","_EventDateTimeSeparator":"","_EventTimeRangeSeparator":"","_EventOrganizerID":[],"_EventVenueID":[],"_OrganizerEmail":"","_OrganizerPhone":"","_OrganizerWebsite":"","_VenueAddress":"","_VenueCity":"","_VenueCountry":"","_VenueProvince":"","_VenueState":"","_VenueZip":"","_VenuePhone":"","_VenueURL":"","_VenueStateProvince":"","_VenueLat":"","_VenueLng":"","_VenueShowMap":false,"_VenueShowMapLink":false},"product_brand":[],"product_cat":[176],"product_tag":[56,93,55],"class_list":{"0":"post-1130","1":"product","2":"type-product","3":"status-publish","5":"product_cat-whey-protein-iso","6":"product_tag-gym","7":"product_tag-ruleoneproteins","8":"product_tag-usa","10":"first","11":"instock","12":"shipping-taxable","13":"purchasable","14":"product-type-simple"},"aioseo_notices":[],"jetpack_sharing_enabled":true,"_links":{"self":[{"href":"https:\/\/atlasfitstore.de\/en\/wp-json\/wp\/v2\/product\/1130","targetHints":{"allow":["GET"]}}],"collection":[{"href":"https:\/\/atlasfitstore.de\/en\/wp-json\/wp\/v2\/product"}],"about":[{"href":"https:\/\/atlasfitstore.de\/en\/wp-json\/wp\/v2\/types\/product"}],"replies":[{"embeddable":true,"href":"https:\/\/atlasfitstore.de\/en\/wp-json\/wp\/v2\/comments?post=1130"}],"wp:attachment":[{"href":"https:\/\/atlasfitstore.de\/en\/wp-json\/wp\/v2\/media?parent=1130"}],"wp:term":[{"taxonomy":"product_brand","embeddable":true,"href":"https:\/\/atlasfitstore.de\/en\/wp-json\/wp\/v2\/product_brand?post=1130"},{"taxonomy":"product_cat","embeddable":true,"href":"https:\/\/atlasfitstore.de\/en\/wp-json\/wp\/v2\/product_cat?post=1130"},{"taxonomy":"product_tag","embeddable":true,"href":"https:\/\/atlasfitstore.de\/en\/wp-json\/wp\/v2\/product_tag?post=1130"}],"curies":[{"name":"wp","href":"https:\/\/api.w.org\/{rel}","templated":true}]}}