{"id":1113,"date":"2025-11-13T18:31:49","date_gmt":"2025-11-13T17:31:49","guid":{"rendered":"https:\/\/atlasfitstore.de\/produkt\/pro-supps-eaa-eaa-amino\/"},"modified":"2025-11-13T18:31:49","modified_gmt":"2025-11-13T17:31:49","slug":"pro-supps-eaa-eaa-amino","status":"publish","type":"product","link":"https:\/\/atlasfitstore.de\/en\/product\/pro-supps-eaa-eaa-amino\/","title":{"rendered":"pro-supps eaa eaa amino"},"content":{"rendered":"<p>boost your workout ergebnisse with pro-supps eaa eaa amino from atlas fit store. this nahrungserg\u00e4nzungsmittel bietet a potent mischung of essential aminos\u00e4uren (eaa) entwickelt f\u00fcr support muscle regeneration, reduziere fatigue, and promote overall ausdauer. made with hochwertig zutaten quelled from the usa, it ensures maximum aufnahme and effectiveness. incorporate this amino acid formel into your training regimen to verbessert regeneration, maintain magermuskel mass, and verbessere leistung. ideal for sportler and fitnessbegeisterte seeking comprehensive support in every session.<\/p>","protected":false},"excerpt":{"rendered":"<p>pro-supps eaa eaa amino liefert essential aminos\u00e4uren for optimal muscle regeneration and wachstum. ideal f\u00fcr enhancing your fitness routine with premium usa-quelled nutrients.<\/p>","protected":false},"featured_media":0,"comment_status":"open","ping_status":"closed","template":"","meta":{"_EventAllDay":false,"_EventTimezone":"","_EventStartDate":"","_EventEndDate":"","_EventStartDateUTC":"","_EventEndDateUTC":"","_EventShowMap":false,"_EventShowMapLink":false,"_EventURL":"","_EventCost":"","_EventCostDescription":"","_EventCurrencySymbol":"","_EventCurrencyCode":"","_EventCurrencyPosition":"","_EventDateTimeSeparator":"","_EventTimeRangeSeparator":"","_EventOrganizerID":[],"_EventVenueID":[],"_OrganizerEmail":"","_OrganizerPhone":"","_OrganizerWebsite":"","_VenueAddress":"","_VenueCity":"","_VenueCountry":"","_VenueProvince":"","_VenueState":"","_VenueZip":"","_VenuePhone":"","_VenueURL":"","_VenueStateProvince":"","_VenueLat":"","_VenueLng":"","_VenueShowMap":false,"_VenueShowMapLink":false},"product_brand":[],"product_cat":[40],"product_tag":[73,72,55],"class_list":{"0":"post-1113","1":"product","2":"type-product","3":"status-publish","5":"product_cat-aminosaeuren","6":"product_tag-amino","7":"product_tag-eaa","8":"product_tag-usa","10":"first","11":"instock","12":"shipping-taxable","13":"purchasable","14":"product-type-simple"},"aioseo_notices":[],"jetpack_sharing_enabled":true,"_links":{"self":[{"href":"https:\/\/atlasfitstore.de\/en\/wp-json\/wp\/v2\/product\/1113","targetHints":{"allow":["GET"]}}],"collection":[{"href":"https:\/\/atlasfitstore.de\/en\/wp-json\/wp\/v2\/product"}],"about":[{"href":"https:\/\/atlasfitstore.de\/en\/wp-json\/wp\/v2\/types\/product"}],"replies":[{"embeddable":true,"href":"https:\/\/atlasfitstore.de\/en\/wp-json\/wp\/v2\/comments?post=1113"}],"wp:attachment":[{"href":"https:\/\/atlasfitstore.de\/en\/wp-json\/wp\/v2\/media?parent=1113"}],"wp:term":[{"taxonomy":"product_brand","embeddable":true,"href":"https:\/\/atlasfitstore.de\/en\/wp-json\/wp\/v2\/product_brand?post=1113"},{"taxonomy":"product_cat","embeddable":true,"href":"https:\/\/atlasfitstore.de\/en\/wp-json\/wp\/v2\/product_cat?post=1113"},{"taxonomy":"product_tag","embeddable":true,"href":"https:\/\/atlasfitstore.de\/en\/wp-json\/wp\/v2\/product_tag?post=1113"}],"curies":[{"name":"wp","href":"https:\/\/api.w.org\/{rel}","templated":true}]}}