{"id":1105,"date":"2025-11-13T18:31:48","date_gmt":"2025-11-13T17:31:48","guid":{"rendered":"https:\/\/atlasfitstore.de\/produkt\/rule-1-kreatin-caps-rule1fitnessstudio\/"},"modified":"2025-11-13T18:31:48","modified_gmt":"2025-11-13T17:31:48","slug":"rule-1-kreatin-caps-rule1fitnessstudio","status":"publish","type":"product","link":"https:\/\/atlasfitstore.de\/en\/product\/rule-1-kreatin-caps-rule1fitnessstudio\/","title":{"rendered":"rule 1 kreatin caps rule1fitnessstudio"},"content":{"rendered":"<p>enhance your workout with rule 1 kreatin caps rule1fitnessstudio, a premium creatine nahrungserg\u00e4nzungsmittel entwickelt f\u00fcr support muskelkraft and regeneration. hergestellt in den usa and vertrauensw\u00fcrdig by sportler, each capsule liefert pure creatine monohydrate to fuel intense fitnessstudio sessions and promote magermuskel wachstum. easy-to-take kapseln offer a praktisch way to verbessere strength, ausdauer, and overall fitness ergebnisse. ideal for those serious about maximizing their training, this rule1 nahrungserg\u00e4nzungsmittel is a key addition to your t\u00e4gliche routine for optimal leistung and faster regeneration.<\/p>","protected":false},"excerpt":{"rendered":"<p>rule 1 kreatin caps from rule1 deliver potent creatine nahrungserg\u00e4nzungsmittelation to steigere your fitnessstudio leistung and muskelkraft.<\/p>","protected":false},"featured_media":0,"comment_status":"open","ping_status":"closed","template":"","meta":{"_EventAllDay":false,"_EventTimezone":"","_EventStartDate":"","_EventEndDate":"","_EventStartDateUTC":"","_EventEndDateUTC":"","_EventShowMap":false,"_EventShowMapLink":false,"_EventURL":"","_EventCost":"","_EventCostDescription":"","_EventCurrencySymbol":"","_EventCurrencyCode":"","_EventCurrencyPosition":"","_EventDateTimeSeparator":"","_EventTimeRangeSeparator":"","_EventOrganizerID":[],"_EventVenueID":[],"_OrganizerEmail":"","_OrganizerPhone":"","_OrganizerWebsite":"","_VenueAddress":"","_VenueCity":"","_VenueCountry":"","_VenueProvince":"","_VenueState":"","_VenueZip":"","_VenuePhone":"","_VenueURL":"","_VenueStateProvince":"","_VenueLat":"","_VenueLng":"","_VenueShowMap":false,"_VenueShowMapLink":false},"product_brand":[],"product_cat":[46],"product_tag":[56,54,55],"class_list":{"0":"post-1105","1":"product","2":"type-product","3":"status-publish","5":"product_cat-creatin","6":"product_tag-gym","7":"product_tag-rule1","8":"product_tag-usa","10":"first","11":"instock","12":"shipping-taxable","13":"purchasable","14":"product-type-simple"},"aioseo_notices":[],"jetpack_sharing_enabled":true,"_links":{"self":[{"href":"https:\/\/atlasfitstore.de\/en\/wp-json\/wp\/v2\/product\/1105","targetHints":{"allow":["GET"]}}],"collection":[{"href":"https:\/\/atlasfitstore.de\/en\/wp-json\/wp\/v2\/product"}],"about":[{"href":"https:\/\/atlasfitstore.de\/en\/wp-json\/wp\/v2\/types\/product"}],"replies":[{"embeddable":true,"href":"https:\/\/atlasfitstore.de\/en\/wp-json\/wp\/v2\/comments?post=1105"}],"wp:attachment":[{"href":"https:\/\/atlasfitstore.de\/en\/wp-json\/wp\/v2\/media?parent=1105"}],"wp:term":[{"taxonomy":"product_brand","embeddable":true,"href":"https:\/\/atlasfitstore.de\/en\/wp-json\/wp\/v2\/product_brand?post=1105"},{"taxonomy":"product_cat","embeddable":true,"href":"https:\/\/atlasfitstore.de\/en\/wp-json\/wp\/v2\/product_cat?post=1105"},{"taxonomy":"product_tag","embeddable":true,"href":"https:\/\/atlasfitstore.de\/en\/wp-json\/wp\/v2\/product_tag?post=1105"}],"curies":[{"name":"wp","href":"https:\/\/api.w.org\/{rel}","templated":true}]}}