{"id":26,"date":"2025-10-28T17:45:24","date_gmt":"2025-10-28T17:45:24","guid":{"rendered":"https:\/\/atlasfitstore.de\/faq\/"},"modified":"2025-10-28T17:46:52","modified_gmt":"2025-10-28T17:46:52","slug":"faq","status":"publish","type":"page","link":"https:\/\/atlasfitstore.de\/en\/faq\/","title":{"rendered":"FAQ"},"content":{"rendered":"<div class=\"wp-block-group alignfull has-background-background-color has-background has-global-padding is-layout-constrained wp-container-core-group-is-layout-7276a2bb wp-block-group-is-layout-constrained\" id=\"h\u00e4ufig-gestellte-fragen\" style=\"margin-top:0;margin-bottom:0;padding-top:var(--wp--preset--spacing--60);padding-right:var(--wp--preset--spacing--30);padding-bottom:var(--wp--preset--spacing--60);padding-left:var(--wp--preset--spacing--30)\">\n<div class=\"wp-block-columns alignwide is-layout-flex wp-container-core-columns-is-layout-714d85e9 wp-block-columns-is-layout-flex\">\n<div class=\"wp-block-column is-layout-flow wp-block-column-is-layout-flow\" style=\"flex-basis:33.33%\">\n<h2 class=\"wp-block-heading has-large-font-size\">ATLASFITSTORE: Deine Fitnessreise beginnt hier<\/h2>\n\n\n\n<p style=\"margin-top:16px\">Hier findest du die Antworten auf h\u00e4ufige Fragen rund um unsere Premium-Fitness- und Nahrungserg\u00e4nzungsmittel.<\/p>\n<\/div>\n\n\n\n<div class=\"wp-block-column is-layout-flow wp-container-core-column-is-layout-ef883af5 wp-block-column-is-layout-flow\" style=\"flex-basis:66.66%\">\n<details class=\"wp-block-details has-tertiary-background-color has-background is-layout-flow wp-container-core-details-is-layout-925c762a wp-block-details-is-layout-flow\" style=\"padding-top:1.25rem;padding-right:1.5rem;padding-bottom:1.25rem;padding-left:1.5rem;font-size:clamp(14px, 0.875rem + ((1vw - 3.2px) * 0.625), 20px);font-style:normal;font-weight:500\" open><summary>Welche Produkte bietet ATLASFITSTORE an?<\/summary>\n<p class=\"has-small-font-size\" style=\"font-style:normal;font-weight:400\">Wir bieten eine sorgf\u00e4ltig ausgew\u00e4hlte Palette hochwertiger Fitness- und Nahrungserg\u00e4nzungsmittel zur Unterst\u00fctzung deiner sportlichen Ziele.<\/p>\n<\/details>\n\n\n\n<details class=\"wp-block-details has-tertiary-background-color has-background is-layout-flow wp-container-core-details-is-layout-d8fa6230 wp-block-details-is-layout-flow\" style=\"padding-top:1.25rem;padding-right:1.5rem;padding-bottom:1.25rem;padding-left:1.5rem;font-size:clamp(14px, 0.875rem + ((1vw - 3.2px) * 0.625), 20px);font-style:normal;font-weight:500\"><summary>Wie schnell erfolgt der Versand?<\/summary>\n<p class=\"has-small-font-size\" style=\"font-style:normal;font-weight:400\">Bestellungen werden in der Regel innerhalb von 1-3 Werktagen versandt, damit du deine Produkte schnell erh\u00e4ltst.<\/p>\n<\/details>\n\n\n\n<details class=\"wp-block-details has-tertiary-background-color has-background is-layout-flow wp-container-core-details-is-layout-d8fa6230 wp-block-details-is-layout-flow\" style=\"padding-top:1.25rem;padding-right:1.5rem;padding-bottom:1.25rem;padding-left:1.5rem;font-size:clamp(14px, 0.875rem + ((1vw - 3.2px) * 0.625), 20px);font-style:normal;font-weight:500\"><summary>Bietet ATLASFITSTORE Beratung zur Anwendung der Produkte?<\/summary>\n<p class=\"has-small-font-size\" style=\"font-style:normal;font-weight:400\">Ja, unser Team steht dir gern beratend zur Seite, um das passende Produkt f\u00fcr deine Bed\u00fcrfnisse zu finden.<\/p>\n<\/details>\n\n\n\n<details class=\"wp-block-details has-tertiary-background-color has-background is-layout-flow wp-container-core-details-is-layout-d8fa6230 wp-block-details-is-layout-flow\" style=\"padding-top:1.25rem;padding-right:1.5rem;padding-bottom:1.25rem;padding-left:1.5rem;font-size:clamp(14px, 0.875rem + ((1vw - 3.2px) * 0.625), 20px);font-style:normal;font-weight:500\"><summary>Gibt es eine R\u00fcckgabem\u00f6glichkeit?<\/summary>\n<p class=\"has-small-font-size\" style=\"font-style:normal;font-weight:400\">Solltest du mit deinem Kauf nicht zufrieden sein, kannst du die Produkte innerhalb von 14 Tagen zur\u00fcckgeben.<\/p>\n<\/details>\n<\/div>\n<\/div>\n<\/div>\n\n<div class=\"wp-block-group alignfull has-tertiary-background-color has-background has-global-padding is-layout-constrained wp-container-core-group-is-layout-7276a2bb wp-block-group-is-layout-constrained\" style=\"margin-top:0;margin-bottom:0;padding-top:var(--wp--preset--spacing--60);padding-right:var(--wp--preset--spacing--30);padding-bottom:var(--wp--preset--spacing--60);padding-left:var(--wp--preset--spacing--30)\">\n<div class=\"wp-block-columns alignwide are-vertically-aligned-center is-layout-flex wp-container-core-columns-is-layout-47c06fe3 wp-block-columns-is-layout-flex\">\n<div class=\"wp-block-column is-vertically-aligned-center is-layout-flow wp-container-core-column-is-layout-22223934 wp-block-column-is-layout-flow\" style=\"flex-basis:50%\">\n<figure data-wp-context=\"{&quot;imageId&quot;:&quot;69e23e65a61a2&quot;}\" data-wp-interactive=\"core\/image\" data-wp-key=\"69e23e65a61a2\" class=\"wp-block-image extendify-image-import wp-lightbox-container\"><img decoding=\"async\" data-wp-class--hide=\"state.isContentHidden\" data-wp-class--show=\"state.isContentVisible\" data-wp-init=\"callbacks.setButtonStyles\" data-wp-on--click=\"actions.showLightbox\" data-wp-on--load=\"callbacks.setButtonStyles\" data-wp-on-window--resize=\"callbacks.setButtonStyles\" src=\"https:\/\/images.unsplash.com\/photo-1732900293895-233f769299b3?ixid=M3w0MzUxNjF8MHwxfHNlYXJjaHwxMHx8bnV0cml0aW9uJTIwc3VwcGxlbWVudHN8ZW58MHx8fHwxNzYxMjM4MTEzfDA&amp;ixlib=rb-4.1.0&amp;orientation=landscape?fit=crop&amp;crop=entropy%2Cfaces&amp;auto=format%2Ccompress&amp;w=1280\" alt=\"\" style=\"aspect-ratio:1;object-fit:cover\"\/><button\n\t\t\tclass=\"lightbox-trigger\"\n\t\t\ttype=\"button\"\n\t\t\taria-haspopup=\"dialog\"\n\t\t\taria-label=\"Enlarge\"\n\t\t\tdata-wp-init=\"callbacks.initTriggerButton\"\n\t\t\tdata-wp-on--click=\"actions.showLightbox\"\n\t\t\tdata-wp-style--right=\"state.imageButtonRight\"\n\t\t\tdata-wp-style--top=\"state.imageButtonTop\"\n\t\t>\n\t\t\t<svg xmlns=\"http:\/\/www.w3.org\/2000\/svg\" width=\"12\" height=\"12\" fill=\"none\" viewbox=\"0 0 12 12\">\n\t\t\t\t<path fill=\"#fff\" d=\"M2 0a2 2 0 0 0-2 2v2h1.5V2a.5.5 0 0 1 .5-.5h2V0H2Zm2 10.5H2a.5.5 0 0 1-.5-.5V8H0v2a2 2 0 0 0 2 2h2v-1.5ZM8 12v-1.5h2a.5.5 0 0 0 .5-.5V8H12v2a2 2 0 0 1-2 2H8Zm2-12a2 2 0 0 1 2 2v2h-1.5V2a.5.5 0 0 0-.5-.5H8V0h2Z\" \/>\n\t\t\t<\/svg>\n\t\t<\/button><\/figure>\n<\/div>\n\n\n\n<div class=\"wp-block-column is-vertically-aligned-center is-layout-flow wp-container-core-column-is-layout-119bc444 wp-block-column-is-layout-flow\" style=\"flex-basis:60%\">\n<h2 class=\"wp-block-heading\">Premium Whey Protein<\/h2>\n\n\n\n<p class=\"has-medium-font-size\" style=\"margin-top:16px\">Unser Premium Whey Protein liefert dir hochwertige Proteine aus sorgf\u00e4ltig ausgew\u00e4hltem Molkenkonzentrat, um Muskelaufbau und Regeneration optimal zu unterst\u00fctzen. Es ist frei von k\u00fcnstlichen Zusatzstoffen, leicht l\u00f6slich und perfekt f\u00fcr dein t\u00e4gliches Training.<\/p>\n\n\n\n<div class=\"wp-block-buttons is-content-justification-left is-layout-flex wp-container-core-buttons-is-layout-fc4fd283 wp-block-buttons-is-layout-flex\">\n<div class=\"wp-block-button is-style-fill\"><a class=\"wp-block-button__link wp-element-button\" href=\"https:\/\/atlasfitstore.de\/en\/shop\/\">Direkt bestellen<\/a><\/div>\n<\/div>\n<\/div>\n<\/div>\n<\/div>\n\n<div class=\"wp-block-group alignfull has-background-background-color has-background has-global-padding is-layout-constrained wp-container-core-group-is-layout-68d5e5bb wp-block-group-is-layout-constrained\" id=\"funktionen\" style=\"margin-top:0;margin-bottom:0;padding-top:var(--wp--preset--spacing--50);padding-right:var(--wp--preset--spacing--30);padding-bottom:var(--wp--preset--spacing--60);padding-left:var(--wp--preset--spacing--30)\">\n<div class=\"wp-block-columns alignwide is-layout-flex wp-container-core-columns-is-layout-47c06fe3 wp-block-columns-is-layout-flex\">\n<div class=\"wp-block-column is-layout-flow wp-block-column-is-layout-flow\">\n<h2 class=\"wp-block-heading has-large-font-size\">Hochwertige Fitnessprodukte f\u00fcr deinen Erfolg<\/h2>\n\n\n\n<p style=\"margin-top:16px\">Entdecke die Vorteile unserer Premium-Supplements.<\/p>\n<\/div>\n\n\n\n<div class=\"wp-block-column is-layout-flow wp-block-column-is-layout-flow\">\n<div class=\"wp-block-group has-global-padding is-layout-constrained wp-block-group-is-layout-constrained\">\n<h3 class=\"wp-block-heading\" style=\"margin-top:16px;font-size:clamp(14px, 0.875rem + ((1vw - 3.2px) * 0.625), 20px);line-height:1.5\">Optimale N\u00e4hrstoffversorgung<\/h3>\n\n\n\n<p class=\"has-small-font-size\" style=\"margin-top:8px\">Unterst\u00fctzt deine Regeneration nach dem Training.<\/p>\n<\/div>\n\n\n\n<div class=\"wp-block-group has-global-padding is-layout-constrained wp-block-group-is-layout-constrained\">\n<h3 class=\"wp-block-heading\" style=\"margin-top:16px;font-size:clamp(14px, 0.875rem + ((1vw - 3.2px) * 0.625), 20px);line-height:1.5\">Rein nat\u00fcrliche Inhaltsstoffe<\/h3>\n\n\n\n<p class=\"has-small-font-size\" style=\"margin-top:8px\">Garantiert frei von k\u00fcnstlichen Zus\u00e4tzen.<\/p>\n<\/div>\n\n\n\n<div class=\"wp-block-group has-global-padding is-layout-constrained wp-block-group-is-layout-constrained\">\n<h3 class=\"wp-block-heading\" style=\"margin-top:16px;font-size:clamp(14px, 0.875rem + ((1vw - 3.2px) * 0.625), 20px);line-height:1.5\">Schneller Versand<\/h3>\n\n\n\n<p class=\"has-small-font-size\" style=\"margin-top:8px\">Deine Bestellung erreicht dich meist innerhalb von 48 Stunden.<\/p>\n<\/div>\n<\/div>\n\n\n\n<div class=\"wp-block-column is-layout-flow wp-block-column-is-layout-flow\">\n<div class=\"wp-block-group has-global-padding is-layout-constrained wp-block-group-is-layout-constrained\">\n<h3 class=\"wp-block-heading\" style=\"margin-top:16px;font-size:clamp(14px, 0.875rem + ((1vw - 3.2px) * 0.625), 20px);line-height:1.5\">Beratung durch Experten<\/h3>\n\n\n\n<p class=\"has-small-font-size\" style=\"margin-top:8px\">Pers\u00f6nliche Empfehlungen f\u00fcr deine Fitnessziele.<\/p>\n<\/div>\n\n\n\n<div class=\"wp-block-group has-global-padding is-layout-constrained wp-block-group-is-layout-constrained\">\n<h3 class=\"wp-block-heading\" style=\"margin-top:16px;font-size:clamp(14px, 0.875rem + ((1vw - 3.2px) * 0.625), 20px);line-height:1.5\">Zufriedenheitsgarantie<\/h3>\n\n\n\n<p class=\"has-small-font-size\" style=\"margin-top:8px\">Wenn du nicht zufrieden bist, findest du bei uns eine einfache R\u00fcckgabe.<\/p>\n<\/div>\n<\/div>\n<\/div>\n<\/div>","protected":false},"excerpt":{"rendered":"<p>ATLASFITSTORE: Deine Fitnessreise beginnt hier Hier findest du die Antworten auf h\u00e4ufige Fragen rund um unsere Premium-Fitness- und Nahrungserg\u00e4nzungsmittel. Premium Whey Protein Unser Premium Whey Protein liefert dir hochwertige Proteine [&hellip;]<\/p>\n","protected":false},"author":1,"featured_media":0,"parent":0,"menu_order":0,"comment_status":"closed","ping_status":"closed","template":"page-with-title","meta":{"_EventAllDay":false,"_EventTimezone":"","_EventStartDate":"","_EventEndDate":"","_EventStartDateUTC":"","_EventEndDateUTC":"","_EventShowMap":false,"_EventShowMapLink":false,"_EventURL":"","_EventCost":"","_EventCostDescription":"","_EventCurrencySymbol":"","_EventCurrencyCode":"","_EventCurrencyPosition":"","_EventDateTimeSeparator":"","_EventTimeRangeSeparator":"","_EventOrganizerID":[],"_EventVenueID":[],"_OrganizerEmail":"","_OrganizerPhone":"","_OrganizerWebsite":"","_VenueAddress":"","_VenueCity":"","_VenueCountry":"","_VenueProvince":"","_VenueState":"","_VenueZip":"","_VenuePhone":"","_VenueURL":"","_VenueStateProvince":"","_VenueLat":"","_VenueLng":"","_VenueShowMap":false,"_VenueShowMapLink":false,"footnotes":""},"class_list":["post-26","page","type-page","status-publish","hentry"],"aioseo_notices":[],"jetpack_sharing_enabled":true,"_links":{"self":[{"href":"https:\/\/atlasfitstore.de\/en\/wp-json\/wp\/v2\/pages\/26","targetHints":{"allow":["GET"]}}],"collection":[{"href":"https:\/\/atlasfitstore.de\/en\/wp-json\/wp\/v2\/pages"}],"about":[{"href":"https:\/\/atlasfitstore.de\/en\/wp-json\/wp\/v2\/types\/page"}],"author":[{"embeddable":true,"href":"https:\/\/atlasfitstore.de\/en\/wp-json\/wp\/v2\/users\/1"}],"replies":[{"embeddable":true,"href":"https:\/\/atlasfitstore.de\/en\/wp-json\/wp\/v2\/comments?post=26"}],"version-history":[{"count":1,"href":"https:\/\/atlasfitstore.de\/en\/wp-json\/wp\/v2\/pages\/26\/revisions"}],"predecessor-version":[{"id":51,"href":"https:\/\/atlasfitstore.de\/en\/wp-json\/wp\/v2\/pages\/26\/revisions\/51"}],"wp:attachment":[{"href":"https:\/\/atlasfitstore.de\/en\/wp-json\/wp\/v2\/media?parent=26"}],"curies":[{"name":"wp","href":"https:\/\/api.w.org\/{rel}","templated":true}]}}